{"id":7,"date":"2024-01-26T17:10:06","date_gmt":"2024-01-26T17:10:06","guid":{"rendered":"https:\/\/westislandnursery.com\/?page_id=7"},"modified":"2024-02-18T12:49:35","modified_gmt":"2024-02-18T12:49:35","slug":"pepiniere-de-louest","status":"publish","type":"page","link":"https:\/\/westislandnursery.com\/fr\/","title":{"rendered":"P\u00e9pini\u00e8re de l&rsquo;Ouest"},"content":{"rendered":"<h1>P\u00e9pini\u00e8re de l&rsquo;Ouest<\/h1>\n<h3>DEPUIS 1974, NOUS OFFRONS AUX R\u00c9SIDENTS DE L&rsquo;OUEST DE L&rsquo;\u00ceLE DE MONTR\u00c9AL UN \u00abGUICHET UNIQUE\u00bb O\u00d9 LES JARDINIERS ET LES PROPRI\u00c9TAIRES PEUVENT TROUVER TOUT CE DONT ILS ONT BESOIN.<\/h3>\n<p><iframe src=\"https:\/\/youtu.be\/i2Wrajg8nFs\"><\/iframe><\/p>\n<div>\n<p>Chez <strong>P\u00e9pini\u00e8re de l&rsquo;Ouest de l&rsquo;\u00cele<\/strong>, nous sommes fiers d&rsquo;offrir notre expertise dans une large gamme de secteurs, y compris la client\u00e8le <strong>r\u00e9sidentielle, commerciale, industrielle et institutionnelle<\/strong>. Nos services complets sont con\u00e7us pour r\u00e9pondre aux besoins diversifi\u00e9s de nos clients, garantissant la satisfaction quel que soit l&rsquo;ampleur ou la nature de leurs projets de jardinage et d&rsquo;am\u00e9nagement paysager.<\/p>\n<p>La fondation de notre entreprise repose sur l&rsquo;h\u00e9ritage durable de <strong>Giovanni Amorosa<\/strong>, notre p\u00e8re bien-aim\u00e9 et le visionnaire derri\u00e8re notre succ\u00e8s. Giovanni a entrepris ce voyage avec un focus singulier sur la livraison d&rsquo;un <strong>\u00abSERVICE\u00bb exceptionnel<\/strong> &#8211; un principe qui reste au c\u0153ur de tout ce que nous faisons. Son d\u00e9vouement et son travail acharn\u00e9 ont fa\u00e7onn\u00e9 notre entreprise en l&rsquo;\u00e9tablissement r\u00e9put\u00e9 et de confiance qu&rsquo;il est aujourd&rsquo;hui.<\/p>\n<p>La famille Amorosa, avec notre personnel d\u00e9vou\u00e9, s&rsquo;engage \u00e0 maintenir cet h\u00e9ritage d&rsquo;excellence. Nous sommes impatients de vous accueillir chaleureusement chaque jour, en nous assurant que nous r\u00e9pondons et d\u00e9passons vos besoins en jardinage. Que vous cherchiez \u00e0 cr\u00e9er une <strong>oasis r\u00e9sidentielle sereine<\/strong>, \u00e0 am\u00e9liorer l&rsquo;attrait de votre propri\u00e9t\u00e9 commerciale, \u00e0 entreprendre un projet d&rsquo;am\u00e9nagement paysager industriel de grande envergure, ou \u00e0 embellir un cadre institutionnel, nous sommes ici pour fournir des <strong>conseils d&rsquo;experts<\/strong> et un <strong>service de premier ordre<\/strong>.<\/p>\n<p>Notre \u00e9quipe est passionn\u00e9e par ce que nous faisons, et nous sommes tr\u00e8s fiers de notre capacit\u00e9 \u00e0 offrir des solutions personnalis\u00e9es. Nous comprenons que chaque client a des exigences uniques, et nous nous effor\u00e7ons de fournir des services sur mesure qui refl\u00e8tent vos pr\u00e9f\u00e9rences et aspirations individuelles. Avec la famille Amorosa et notre personnel qualifi\u00e9 \u00e0 vos c\u00f4t\u00e9s, vous pouvez \u00eatre assur\u00e9 que vos espaces ext\u00e9rieurs seront transform\u00e9s en <strong>environnements beaux, fonctionnels et durables<\/strong>.<\/p>\n<\/div>\n<h2>QUOI DE NEUF<\/h2>\n<p><!--more--><br \/>\n<!-- {\"type\":\"layout\",\"children\":[{\"type\":\"section\",\"props\":{\"height\":\"pixels\",\"height_viewport\":500,\"image\":\"wp-content\\\/uploads\\\/2024\\\/02\\\/IMG_20190607_091705-a38e8dbf.jpeg\",\"image_position\":\"center-center\",\"image_size\":\"cover\",\"media_overlay\":\"rgba(82, 34, 107, 0.21)\",\"overlap\":false,\"style\":\"default\",\"title_breakpoint\":\"xl\",\"title_position\":\"top-left\",\"title_rotation\":\"left\",\"vertical_align\":\"middle\",\"width\":\"default\"},\"children\":[{\"type\":\"row\",\"props\":{\"match\":false},\"children\":[{\"type\":\"column\",\"props\":{\"image_position\":\"center-center\",\"position_sticky_breakpoint\":\"m\"}}]}],\"name\":\"HOMEPAGE HERO (FR)\"},{\"name\":\"WIN INTRO FR\",\"type\":\"section\",\"props\":{\"image_position\":\"center-center\",\"padding\":\"small\",\"padding_remove_bottom\":false,\"padding_remove_top\":false,\"style\":\"default\",\"title_breakpoint\":\"xl\",\"title_position\":\"top-left\",\"title_rotation\":\"left\",\"vertical_align\":\"middle\",\"width\":\"default\"},\"children\":[{\"type\":\"row\",\"children\":[{\"type\":\"column\",\"props\":{\"image_position\":\"center-center\",\"position_sticky_breakpoint\":\"m\",\"width_medium\":\"1-1\"},\"children\":[{\"type\":\"headline\",\"props\":{\"content\":\"P\\u00e9pini\\u00e8re de l'Ouest\",\"margin_remove_bottom\":true,\"text_align\":\"center\",\"title_element\":\"h1\",\"title_style\":\"heading-medium\"}},{\"type\":\"headline\",\"props\":{\"content\":\"DEPUIS 1974, NOUS OFFRONS AUX R\\u00c9SIDENTS DE L'OUEST DE L'\\u00ceLE DE MONTR\\u00c9AL UN \\u00abGUICHET UNIQUE\\u00bb O\\u00d9 LES JARDINIERS ET LES PROPRI\\u00c9TAIRES PEUVENT TROUVER TOUT CE DONT ILS ONT BESOIN.\",\"margin\":\"small\",\"margin_remove_top\":false,\"title_element\":\"h3\",\"title_style\":\"h3\"}}]}]},{\"type\":\"row\",\"children\":[{\"type\":\"column\",\"props\":{\"image_position\":\"center-center\",\"position_sticky_breakpoint\":\"m\"},\"children\":[{\"type\":\"video\",\"props\":{\"margin\":\"default\",\"text_align\":\"center\",\"video\":\"https:\\\/\\\/youtu.be\\\/i2Wrajg8nFs\",\"video_box_decoration\":\"mask\",\"video_controls\":true,\"video_height\":\"600\",\"video_loop\":false,\"video_poster\":\"images\\\/win.jpg\",\"video_width\":\"1000\"}},{\"type\":\"text\",\"props\":{\"column_breakpoint\":\"m\",\"content\":\"\n\n<p>Chez <strong>P\\u00e9pini\\u00e8re de l'Ouest de l'\\u00cele<\\\/strong>, nous sommes fiers d'offrir notre expertise dans une large gamme de secteurs, y compris la client\\u00e8le <strong>r\\u00e9sidentielle, commerciale, industrielle et institutionnelle<\\\/strong>. Nos services complets sont con\\u00e7us pour r\\u00e9pondre aux besoins diversifi\\u00e9s de nos clients, garantissant la satisfaction quel que soit l'ampleur ou la nature de leurs projets de jardinage et d'am\\u00e9nagement paysager.<\\\/p>\\n\\n\n\n<p>La fondation de notre entreprise repose sur l'h\\u00e9ritage durable de <strong>Giovanni Amorosa<\\\/strong>, notre p\\u00e8re bien-aim\\u00e9 et le visionnaire derri\\u00e8re notre succ\\u00e8s. Giovanni a entrepris ce voyage avec un focus singulier sur la livraison d'un <strong>\\u00abSERVICE\\u00bb exceptionnel<\\\/strong> - un principe qui reste au c\\u0153ur de tout ce que nous faisons. Son d\\u00e9vouement et son travail acharn\\u00e9 ont fa\\u00e7onn\\u00e9 notre entreprise en l'\\u00e9tablissement r\\u00e9put\\u00e9 et de confiance qu'il est aujourd'hui.<\\\/p>\\n\\n\n\n<p>La famille Amorosa, avec notre personnel d\\u00e9vou\\u00e9, s'engage \\u00e0 maintenir cet h\\u00e9ritage d'excellence. Nous sommes impatients de vous accueillir chaleureusement chaque jour, en nous assurant que nous r\\u00e9pondons et d\\u00e9passons vos besoins en jardinage. Que vous cherchiez \\u00e0 cr\\u00e9er une <strong>oasis r\\u00e9sidentielle sereine<\\\/strong>, \\u00e0 am\\u00e9liorer l'attrait de votre propri\\u00e9t\\u00e9 commerciale, \\u00e0 entreprendre un projet d'am\\u00e9nagement paysager industriel de grande envergure, ou \\u00e0 embellir un cadre institutionnel, nous sommes ici pour fournir des <strong>conseils d'experts<\\\/strong> et un <strong>service de premier ordre<\\\/strong>.<\\\/p>\\n\\n\n\n<p>Notre \\u00e9quipe est passionn\\u00e9e par ce que nous faisons, et nous sommes tr\\u00e8s fiers de notre capacit\\u00e9 \\u00e0 offrir des solutions personnalis\\u00e9es. Nous comprenons que chaque client a des exigences uniques, et nous nous effor\\u00e7ons de fournir des services sur mesure qui refl\\u00e8tent vos pr\\u00e9f\\u00e9rences et aspirations individuelles. Avec la famille Amorosa et notre personnel qualifi\\u00e9 \\u00e0 vos c\\u00f4t\\u00e9s, vous pouvez \\u00eatre assur\\u00e9 que vos espaces ext\\u00e9rieurs seront transform\\u00e9s en <strong>environnements beaux, fonctionnels et durables<\\\/strong>.<\\\/p>\\n\",\"margin\":\"default\",\"text_align\":\"justify\"}}]}]}]},{\"name\":\"Featured blogs\",\"type\":\"section\",\"props\":{\"image_position\":\"center-center\",\"style\":\"muted\",\"title_breakpoint\":\"xl\",\"title_position\":\"top-left\",\"title_rotation\":\"left\",\"vertical_align\":\"middle\",\"width\":\"default\"},\"children\":[{\"type\":\"row\",\"children\":[{\"type\":\"column\",\"props\":{\"image_position\":\"center-center\",\"position_sticky_breakpoint\":\"m\",\"width_medium\":\"1-1\"},\"children\":[{\"type\":\"headline\",\"props\":{\"content\":\"QUOI DE NEUF\",\"margin_remove_top\":true,\"text_align\":\"center\",\"title_element\":\"h2\",\"title_style\":\"h1\"}},{\"type\":\"module\",\"props\":{\"menu_image_align\":\"center\",\"menu_image_margin\":true,\"menu_style\":\"nav\",\"module\":\"206\",\"type\":\"mod_easybloglatestblogs\"}}]}]}]}],\"version\":\"4.3.4\"} --><\/p>\n","protected":false},"excerpt":{"rendered":"<p>P\u00e9pini\u00e8re de l&rsquo;Ouest DEPUIS 1974, NOUS OFFRONS AUX R\u00c9SIDENTS DE L&rsquo;OUEST DE L&rsquo;\u00ceLE DE MONTR\u00c9AL UN \u00abGUICHET UNIQUE\u00bb O\u00d9 LES JARDINIERS ET LES PROPRI\u00c9TAIRES PEUVENT TROUVER TOUT CE DONT ILS ONT BESOIN. Chez P\u00e9pini\u00e8re de l&rsquo;Ouest de l&rsquo;\u00cele, nous sommes fiers d&rsquo;offrir notre expertise dans une large gamme de secteurs, y compris la client\u00e8le r\u00e9sidentielle, [&hellip;]<\/p>\n","protected":false},"author":1,"featured_media":0,"parent":0,"menu_order":0,"comment_status":"closed","ping_status":"closed","template":"","meta":{"footnotes":""},"class_list":["post-7","page","type-page","status-publish","hentry"],"_links":{"self":[{"href":"https:\/\/westislandnursery.com\/fr\/wp-json\/wp\/v2\/pages\/7","targetHints":{"allow":["GET"]}}],"collection":[{"href":"https:\/\/westislandnursery.com\/fr\/wp-json\/wp\/v2\/pages"}],"about":[{"href":"https:\/\/westislandnursery.com\/fr\/wp-json\/wp\/v2\/types\/page"}],"author":[{"embeddable":true,"href":"https:\/\/westislandnursery.com\/fr\/wp-json\/wp\/v2\/users\/1"}],"replies":[{"embeddable":true,"href":"https:\/\/westislandnursery.com\/fr\/wp-json\/wp\/v2\/comments?post=7"}],"version-history":[{"count":0,"href":"https:\/\/westislandnursery.com\/fr\/wp-json\/wp\/v2\/pages\/7\/revisions"}],"wp:attachment":[{"href":"https:\/\/westislandnursery.com\/fr\/wp-json\/wp\/v2\/media?parent=7"}],"curies":[{"name":"wp","href":"https:\/\/api.w.org\/{rel}","templated":true}]}}