{"id":17,"date":"2024-01-26T17:36:33","date_gmt":"2024-01-26T17:36:33","guid":{"rendered":"https:\/\/westislandnursery.com\/?page_id=17"},"modified":"2024-02-18T12:52:06","modified_gmt":"2024-02-18T12:52:06","slug":"vente-en-gros","status":"publish","type":"page","link":"https:\/\/westislandnursery.com\/fr\/vente-en-gros\/","title":{"rendered":"Vente en gros"},"content":{"rendered":"<h1>Vente en gros<\/h1>\n<h3>Vente et livraison de terres, gravier et autre type de pierres<\/h3>\n<p><img decoding=\"async\" src=\"\/wp-content\/uploads\/2024\/02\/vente-en-gros-87e425cc.jpeg\" alt=\"Vente en gros\"><\/p>\n<div>\n<p>La division de gros de <strong>P\u00e9pini\u00e8re de l&rsquo;Ouest de l&rsquo;\u00cele<\/strong> offre une vaste gamme de mat\u00e9riaux de jardinage de haute qualit\u00e9, y compris du <strong>terreau en vrac, du gravier et une vari\u00e9t\u00e9 de pierres<\/strong>, con\u00e7us pour r\u00e9pondre aux besoins des entreprises de jardinage et d&rsquo;am\u00e9nagement paysager. Notre engagement \u00e0 fournir <strong>valeur et commodit\u00e9<\/strong> est in\u00e9gal\u00e9, assurant \u00e0 nos clients professionnels l&rsquo;acc\u00e8s \u00e0 des mat\u00e9riaux de premi\u00e8re qualit\u00e9 pour leurs projets.<\/p>\n<p>Nous sommes fiers de notre capacit\u00e9 \u00e0 fournir de <strong>grandes quantit\u00e9s<\/strong>, garantissant une <strong>livraison rapide et efficace<\/strong> directement sur votre site. Nos services de gros sont con\u00e7us pour \u00eatre flexibles, avec des <strong>prix comp\u00e9titifs et des estimations personnalis\u00e9es<\/strong> qui r\u00e9pondent aux besoins uniques de chaque entreprise.<\/p>\n<p>Pour des prix d\u00e9taill\u00e9s et des estimations, nous encourageons une conversation directe avec notre <strong>\u00e9quipe comp\u00e9tente<\/strong>. Contactez-nous au <strong>(514) 620-2615<\/strong> et d\u00e9couvrez comment nous pouvons soutenir le succ\u00e8s de votre entreprise li\u00e9e au jardinage avec nos <strong>solutions de gros compl\u00e8tes<\/strong>.<\/p>\n<\/div>\n<p><!--more--><br \/>\n<!-- {\"type\":\"layout\",\"children\":[{\"name\":\"Section (generic)\",\"type\":\"section\",\"props\":{\"image_position\":\"center-center\",\"padding_remove_bottom\":false,\"style\":\"default\",\"title_breakpoint\":\"xl\",\"title_position\":\"top-left\",\"title_rotation\":\"left\",\"vertical_align\":\"middle\",\"width\":\"default\"},\"children\":[{\"type\":\"row\",\"children\":[{\"type\":\"column\",\"props\":{\"image_position\":\"center-center\",\"position_sticky_breakpoint\":\"m\",\"width_medium\":\"1-1\"},\"children\":[{\"type\":\"headline\",\"props\":{\"content\":\"Vente en gros\",\"margin_remove_bottom\":true,\"title_element\":\"h1\",\"title_style\":\"heading-medium\"}},{\"type\":\"headline\",\"props\":{\"content\":\"Vente et livraison de terres, gravier et autre type de pierres\",\"margin\":\"small\",\"margin_remove_top\":false,\"title_element\":\"h3\",\"title_style\":\"h3\"}}]}]},{\"type\":\"row\",\"props\":{\"layout\":\"large,expand\"},\"children\":[{\"type\":\"column\",\"props\":{\"image_position\":\"center-center\",\"position_sticky_breakpoint\":\"m\",\"width_medium\":\"auto\"},\"children\":[{\"type\":\"image\",\"props\":{\"image\":\"wp-content\\\/uploads\\\/2024\\\/02\\\/vente-en-gros-87e425cc.jpeg\",\"image_alt\":\"Vente en gros\",\"image_border\":\"rounded\",\"image_svg_color\":\"emphasis\",\"margin\":\"default\"}}]},{\"type\":\"column\",\"props\":{\"image_position\":\"center-center\",\"position_sticky_breakpoint\":\"m\",\"width_medium\":\"expand\"},\"children\":[{\"type\":\"text\",\"props\":{\"column_breakpoint\":\"m\",\"content\":\"\n\n<p>La division de gros de <strong>P\\u00e9pini\\u00e8re de l'Ouest de l'\\u00cele<\\\/strong> offre une vaste gamme de mat\\u00e9riaux de jardinage de haute qualit\\u00e9, y compris du <strong>terreau en vrac, du gravier et une vari\\u00e9t\\u00e9 de pierres<\\\/strong>, con\\u00e7us pour r\\u00e9pondre aux besoins des entreprises de jardinage et d'am\\u00e9nagement paysager. Notre engagement \\u00e0 fournir <strong>valeur et commodit\\u00e9<\\\/strong> est in\\u00e9gal\\u00e9, assurant \\u00e0 nos clients professionnels l'acc\\u00e8s \\u00e0 des mat\\u00e9riaux de premi\\u00e8re qualit\\u00e9 pour leurs projets.<\\\/p>\\n\\n\n\n<p>Nous sommes fiers de notre capacit\\u00e9 \\u00e0 fournir de <strong>grandes quantit\\u00e9s<\\\/strong>, garantissant une <strong>livraison rapide et efficace<\\\/strong> directement sur votre site. Nos services de gros sont con\\u00e7us pour \\u00eatre flexibles, avec des <strong>prix comp\\u00e9titifs et des estimations personnalis\\u00e9es<\\\/strong> qui r\\u00e9pondent aux besoins uniques de chaque entreprise.<\\\/p>\\n\\n\n\n<p>Pour des prix d\\u00e9taill\\u00e9s et des estimations, nous encourageons une conversation directe avec notre <strong>\\u00e9quipe comp\\u00e9tente<\\\/strong>. Contactez-nous au <strong>(514) 620-2615<\\\/strong> et d\\u00e9couvrez comment nous pouvons soutenir le succ\\u00e8s de votre entreprise li\\u00e9e au jardinage avec nos <strong>solutions de gros compl\\u00e8tes<\\\/strong>.<\\\/p>\\n\",\"margin\":\"default\",\"text_align\":\"justify\"}}]}]}]}],\"version\":\"4.3.4\"} --><\/p>\n","protected":false},"excerpt":{"rendered":"<p>Vente en gros Vente et livraison de terres, gravier et autre type de pierres La division de gros de P\u00e9pini\u00e8re de l&rsquo;Ouest de l&rsquo;\u00cele offre une vaste gamme de mat\u00e9riaux de jardinage de haute qualit\u00e9, y compris du terreau en vrac, du gravier et une vari\u00e9t\u00e9 de pierres, con\u00e7us pour r\u00e9pondre aux besoins des entreprises [&hellip;]<\/p>\n","protected":false},"author":1,"featured_media":0,"parent":0,"menu_order":0,"comment_status":"closed","ping_status":"closed","template":"","meta":{"footnotes":""},"class_list":["post-17","page","type-page","status-publish","hentry"],"_links":{"self":[{"href":"https:\/\/westislandnursery.com\/fr\/wp-json\/wp\/v2\/pages\/17","targetHints":{"allow":["GET"]}}],"collection":[{"href":"https:\/\/westislandnursery.com\/fr\/wp-json\/wp\/v2\/pages"}],"about":[{"href":"https:\/\/westislandnursery.com\/fr\/wp-json\/wp\/v2\/types\/page"}],"author":[{"embeddable":true,"href":"https:\/\/westislandnursery.com\/fr\/wp-json\/wp\/v2\/users\/1"}],"replies":[{"embeddable":true,"href":"https:\/\/westislandnursery.com\/fr\/wp-json\/wp\/v2\/comments?post=17"}],"version-history":[{"count":0,"href":"https:\/\/westislandnursery.com\/fr\/wp-json\/wp\/v2\/pages\/17\/revisions"}],"wp:attachment":[{"href":"https:\/\/westislandnursery.com\/fr\/wp-json\/wp\/v2\/media?parent=17"}],"curies":[{"name":"wp","href":"https:\/\/api.w.org\/{rel}","templated":true}]}}