{"id":15,"date":"2024-01-26T17:34:55","date_gmt":"2024-01-26T17:34:55","guid":{"rendered":"https:\/\/westislandnursery.com\/?page_id=15"},"modified":"2024-02-18T01:02:46","modified_gmt":"2024-02-18T01:02:46","slug":"entretien-paysager","status":"publish","type":"page","link":"https:\/\/westislandnursery.com\/fr\/entretien-paysager\/","title":{"rendered":"Entretien paysager"},"content":{"rendered":"<h1>Entretien paysager<\/h1>\n<h3>Service complet d\u2019entretien paysager dans l\u2019ouest de l\u2019Ile de Montr\u00e9al<\/h3>\n<p><img decoding=\"async\" src=\"\/wp-content\/uploads\/2024\/02\/lawncare.jpg\" alt=\"Entretien\"><\/p>\n<div>\n<p>Le <strong>maintien de la pelouse parfaite<\/strong> signifie plus que seulement couper l\u2019herbe et arroser la pelouse. Les bonnes techniques de tontes am\u00e9liorent non seulement l\u2019aspect de votre pelouse, il augmente \u00e9galement la vigueur du gazon.<\/p>\n<p>Nous offrons le <strong>soin professionnel de pelouse<\/strong>, le nettoyage de la cour, la coupe et l\u2019entretien, l\u2019a\u00e9ration, la fertilisation et le contr\u00f4le des mauvais herbes.<\/p>\n<p>Nous offrons toujous un travail de <strong>qualit\u00e9 et garanti<\/strong>.<\/p>\n<p>N\u2019h\u00e9sitez pas \u00e0 communiquer avec nous au (514) 620-2615 pour une estimation gratuite. Nous offrons nos services dans la r\u00e9gion de l\u2019ouest de l\u2019\u00eele de Montr\u00e9al seulement.<\/p>\n<\/div>\n<p><!--more--><br \/>\n<!-- {\"type\":\"layout\",\"children\":[{\"name\":\"Section (generic)\",\"type\":\"section\",\"props\":{\"image_position\":\"center-center\",\"padding_remove_bottom\":false,\"style\":\"default\",\"title_breakpoint\":\"xl\",\"title_position\":\"top-left\",\"title_rotation\":\"left\",\"vertical_align\":\"middle\",\"width\":\"default\"},\"children\":[{\"type\":\"row\",\"children\":[{\"type\":\"column\",\"props\":{\"image_position\":\"center-center\",\"position_sticky_breakpoint\":\"m\",\"width_medium\":\"1-1\"},\"children\":[{\"type\":\"headline\",\"props\":{\"content\":\"Entretien paysager\",\"margin_remove_bottom\":true,\"title_element\":\"h1\",\"title_style\":\"heading-medium\"}},{\"type\":\"headline\",\"props\":{\"content\":\"Service complet d\\u2019entretien paysager dans l\\u2019ouest de l\\u2019Ile de Montr\\u00e9al\",\"margin\":\"small\",\"margin_remove_top\":false,\"title_element\":\"h3\",\"title_style\":\"h3\"}}]}]},{\"type\":\"row\",\"props\":{\"layout\":\"large,expand\"},\"children\":[{\"type\":\"column\",\"props\":{\"image_position\":\"center-center\",\"position_sticky_breakpoint\":\"m\",\"width_medium\":\"auto\"},\"children\":[{\"type\":\"image\",\"props\":{\"image\":\"wp-content\\\/uploads\\\/2024\\\/02\\\/lawncare.jpg\",\"image_alt\":\"Entretien\",\"image_border\":\"rounded\",\"image_svg_color\":\"emphasis\",\"margin\":\"default\"}}]},{\"type\":\"column\",\"props\":{\"image_position\":\"center-center\",\"position_sticky_breakpoint\":\"m\",\"width_medium\":\"expand\"},\"children\":[{\"type\":\"text\",\"props\":{\"column_breakpoint\":\"m\",\"content\":\"\n\n<p>Le <strong>maintien de la pelouse parfaite<\\\/strong> signifie plus que seulement couper l\\u2019herbe et arroser la pelouse. Les bonnes techniques de tontes am\\u00e9liorent non seulement l\\u2019aspect de votre pelouse, il augmente \\u00e9galement la vigueur du gazon.<\\\/p>\\n\n\n<p>Nous offrons le <strong>soin professionnel de pelouse<\\\/strong>, le nettoyage de la cour, la coupe et l\\u2019entretien, l\\u2019a\\u00e9ration, la fertilisation et le contr\\u00f4le des mauvais herbes.<\\\/p>\\n\n\n<p>Nous offrons toujous un travail de <strong>qualit\\u00e9 et garanti<\\\/strong>.<\\\/p>\\n\n\n<p>N\\u2019h\\u00e9sitez pas \\u00e0 communiquer avec nous au (514) 620-2615 pour une estimation gratuite. Nous offrons nos services dans la r\\u00e9gion de l\\u2019ouest de l\\u2019\\u00eele de Montr\\u00e9al seulement.<\\\/p>\",\"margin\":\"default\",\"text_align\":\"justify\"}}]}]}]}],\"version\":\"4.3.4\"} --><\/p>\n","protected":false},"excerpt":{"rendered":"<p>Entretien paysager Service complet d\u2019entretien paysager dans l\u2019ouest de l\u2019Ile de Montr\u00e9al Le maintien de la pelouse parfaite signifie plus que seulement couper l\u2019herbe et arroser la pelouse. Les bonnes techniques de tontes am\u00e9liorent non seulement l\u2019aspect de votre pelouse, il augmente \u00e9galement la vigueur du gazon. Nous offrons le soin professionnel de pelouse, le [&hellip;]<\/p>\n","protected":false},"author":1,"featured_media":0,"parent":0,"menu_order":0,"comment_status":"closed","ping_status":"closed","template":"","meta":{"footnotes":""},"class_list":["post-15","page","type-page","status-publish","hentry"],"_links":{"self":[{"href":"https:\/\/westislandnursery.com\/fr\/wp-json\/wp\/v2\/pages\/15","targetHints":{"allow":["GET"]}}],"collection":[{"href":"https:\/\/westislandnursery.com\/fr\/wp-json\/wp\/v2\/pages"}],"about":[{"href":"https:\/\/westislandnursery.com\/fr\/wp-json\/wp\/v2\/types\/page"}],"author":[{"embeddable":true,"href":"https:\/\/westislandnursery.com\/fr\/wp-json\/wp\/v2\/users\/1"}],"replies":[{"embeddable":true,"href":"https:\/\/westislandnursery.com\/fr\/wp-json\/wp\/v2\/comments?post=15"}],"version-history":[{"count":0,"href":"https:\/\/westislandnursery.com\/fr\/wp-json\/wp\/v2\/pages\/15\/revisions"}],"wp:attachment":[{"href":"https:\/\/westislandnursery.com\/fr\/wp-json\/wp\/v2\/media?parent=15"}],"curies":[{"name":"wp","href":"https:\/\/api.w.org\/{rel}","templated":true}]}}