{"id":13,"date":"2024-01-26T17:33:29","date_gmt":"2024-01-26T17:33:29","guid":{"rendered":"https:\/\/westislandnursery.com\/?page_id=13"},"modified":"2024-02-18T01:02:36","modified_gmt":"2024-02-18T01:02:36","slug":"paysagement","status":"publish","type":"page","link":"https:\/\/westislandnursery.com\/fr\/paysagement\/","title":{"rendered":"Paysagement"},"content":{"rendered":"<h1>Paysagement<\/h1>\n<h3>Professionnels en am\u00e9nagement paysager dans la grande r\u00e9gion de Montr\u00e9al<\/h3>\n<p><img decoding=\"async\" src=\"\/wp-content\/uploads\/2024\/02\/landscaping.jpg\" alt=\"Paysagement\"><\/p>\n<div>\n<p>Nous sommes experts dans la conception et l\u2019installation des rocailles, les entr\u00e9es de pav\u00e9 uni, les murs de soutainement et pour toutes sortes de plantations. Nous travaillerons toujours avec vous de fa\u00e7on \u00e0 vous fournir la meilleure solution possible pour am\u00e9liorer la beaut\u00e9 de votre propri\u00e9t\u00e9.<\/p>\n<p>Notre \u00e9quipe d\u2019am\u00e9nagement paysager est toujours en grande demande; ainsi, nous demandons \u00e0 nos clients de bien planifier leurs besoin d\u2019avance.<\/p>\n<p>Nous fournissons nos excellents services d\u2019am\u00e9nagement paysager pour les clients r\u00e9sidentiels et commerciaux. N\u2019h\u00e9sitez pas \u00e0 communiquer avec nous au (514) 620-2615 pour une estimation gratuite.<\/p>\n<p>Nous offrons nos services dans la r\u00e9gion de l\u2019ouest de l\u2019\u00eele de Montr\u00e9al seulement.<\/p>\n<\/div>\n<p><!--more--><br \/>\n<!-- {\"type\":\"layout\",\"children\":[{\"name\":\"Section (generic)\",\"type\":\"section\",\"props\":{\"image_position\":\"center-center\",\"padding_remove_bottom\":false,\"style\":\"default\",\"title_breakpoint\":\"xl\",\"title_position\":\"top-left\",\"title_rotation\":\"left\",\"vertical_align\":\"middle\",\"width\":\"default\"},\"children\":[{\"type\":\"row\",\"children\":[{\"type\":\"column\",\"props\":{\"image_position\":\"center-center\",\"position_sticky_breakpoint\":\"m\",\"width_medium\":\"1-1\"},\"children\":[{\"type\":\"headline\",\"props\":{\"content\":\"Paysagement\",\"margin_remove_bottom\":true,\"title_element\":\"h1\",\"title_style\":\"heading-medium\"}},{\"type\":\"headline\",\"props\":{\"content\":\"Professionnels en am\\u00e9nagement paysager dans la grande r\\u00e9gion de Montr\\u00e9al\",\"margin\":\"small\",\"margin_remove_top\":false,\"title_element\":\"h3\",\"title_style\":\"h3\"}}]}]},{\"type\":\"row\",\"props\":{\"layout\":\"large,expand\"},\"children\":[{\"type\":\"column\",\"props\":{\"image_position\":\"center-center\",\"position_sticky_breakpoint\":\"m\",\"width_medium\":\"auto\"},\"children\":[{\"type\":\"image\",\"props\":{\"image\":\"wp-content\\\/uploads\\\/2024\\\/02\\\/landscaping.jpg\",\"image_alt\":\"Paysagement\",\"image_border\":\"rounded\",\"image_svg_color\":\"emphasis\",\"margin\":\"default\"}}]},{\"type\":\"column\",\"props\":{\"image_position\":\"center-center\",\"position_sticky_breakpoint\":\"m\",\"width_medium\":\"expand\"},\"children\":[{\"type\":\"text\",\"props\":{\"column_breakpoint\":\"m\",\"content\":\"\n\n<p>Nous sommes experts dans la conception et l\\u2019installation des rocailles, les entr\\u00e9es de pav\\u00e9 uni, les murs de soutainement et pour toutes sortes de plantations. Nous travaillerons toujours avec vous de fa\\u00e7on \\u00e0 vous fournir la meilleure solution possible pour am\\u00e9liorer la beaut\\u00e9 de votre propri\\u00e9t\\u00e9.<\\\/p>\\n\n\n<p>Notre \\u00e9quipe d\\u2019am\\u00e9nagement paysager est toujours en grande demande; ainsi, nous demandons \\u00e0 nos clients de bien planifier leurs besoin d\\u2019avance.<\\\/p>\\n\n\n<p>Nous fournissons nos excellents services d\\u2019am\\u00e9nagement paysager pour les clients r\\u00e9sidentiels et commerciaux. N\\u2019h\\u00e9sitez pas \\u00e0 communiquer avec nous au (514) 620-2615 pour une estimation gratuite.<\\\/p>\\n\n\n<p>Nous offrons nos services dans la r\\u00e9gion de l\\u2019ouest de l\\u2019\\u00eele de Montr\\u00e9al seulement.<\\\/p>\",\"margin\":\"default\",\"text_align\":\"justify\"}}]}]}]}],\"version\":\"4.3.4\"} --><\/p>\n","protected":false},"excerpt":{"rendered":"<p>Paysagement Professionnels en am\u00e9nagement paysager dans la grande r\u00e9gion de Montr\u00e9al Nous sommes experts dans la conception et l\u2019installation des rocailles, les entr\u00e9es de pav\u00e9 uni, les murs de soutainement et pour toutes sortes de plantations. Nous travaillerons toujours avec vous de fa\u00e7on \u00e0 vous fournir la meilleure solution possible pour am\u00e9liorer la beaut\u00e9 de [&hellip;]<\/p>\n","protected":false},"author":1,"featured_media":0,"parent":0,"menu_order":0,"comment_status":"closed","ping_status":"closed","template":"","meta":{"footnotes":""},"class_list":["post-13","page","type-page","status-publish","hentry"],"_links":{"self":[{"href":"https:\/\/westislandnursery.com\/fr\/wp-json\/wp\/v2\/pages\/13","targetHints":{"allow":["GET"]}}],"collection":[{"href":"https:\/\/westislandnursery.com\/fr\/wp-json\/wp\/v2\/pages"}],"about":[{"href":"https:\/\/westislandnursery.com\/fr\/wp-json\/wp\/v2\/types\/page"}],"author":[{"embeddable":true,"href":"https:\/\/westislandnursery.com\/fr\/wp-json\/wp\/v2\/users\/1"}],"replies":[{"embeddable":true,"href":"https:\/\/westislandnursery.com\/fr\/wp-json\/wp\/v2\/comments?post=13"}],"version-history":[{"count":0,"href":"https:\/\/westislandnursery.com\/fr\/wp-json\/wp\/v2\/pages\/13\/revisions"}],"wp:attachment":[{"href":"https:\/\/westislandnursery.com\/fr\/wp-json\/wp\/v2\/media?parent=13"}],"curies":[{"name":"wp","href":"https:\/\/api.w.org\/{rel}","templated":true}]}}