{"id":11,"date":"2024-01-26T17:32:23","date_gmt":"2024-01-26T17:32:23","guid":{"rendered":"https:\/\/westislandnursery.com\/?page_id=11"},"modified":"2024-02-18T01:02:28","modified_gmt":"2024-02-18T01:02:28","slug":"notre-pepiniere","status":"publish","type":"page","link":"https:\/\/westislandnursery.com\/fr\/notre-pepiniere\/","title":{"rendered":"Notre P\u00e9pini\u00e8re"},"content":{"rendered":"<h1>Notre p\u00e9pini\u00e8re<\/h1>\n<h3>Votre p\u00e9pini\u00e8re de choix pour des plantes, fleurs, arbres et arbustes<\/h3>\n<p><img decoding=\"async\" src=\"\/wp-content\/uploads\/2024\/02\/pepiniere-ouest-e27eb8ac.jpeg\" alt=\"Notre p\u00e9pini\u00e8re\"><\/p>\n<div>\n<p>Notre centre de jardinage est rempli \u00e0 capacit\u00e9 d\u2019un grand assortiment d\u2019arbustes, d\u2019arbres et de plantes vertes. Notre plantation d\u2019arbrisseaux est \u00e9tal\u00e9e \u00e0 travers notre jardin, donnant de bonnes id\u00e9es \u00e0 nos clients pour d\u00e9corer leurs r\u00e9sidences. Nous avons une excellente vari\u00e9t\u00e9 de grands et petits arbres. Nous avons aussi des vivaces de toutes les tailles et une excellente s\u00e9lection d\u2019annuelles, de paniers suspendus et des bo\u00eetes \u00e0 fleurs pr\u00eates \u00e0 \u00eatre install\u00e9s.<\/p>\n<p>Nous avons en magasin des plantes rares et des sp\u00e9cimens introuvables ailleurs ainsi que des bancs et tables en b\u00e9ton, des statues et pots pour les enthousiastes d\u2019horticulture qui recherchent des id\u00e9es originales.<\/p>\n<p>Nous avons une gamme compl\u00e8te d\u2019approvisionnements et de produits de jardinage, des engrais aux composts et paillis aux fabricants de renom, terreaux, roches d\u00e9coratives, gravier (tous disponible en vrac) et de la tourbe fraiche qui peut \u00eatre livr\u00e9e n\u2019importe o\u00f9 dans l\u2019ouest de l\u2019\u00eele pour des frais minimes.<\/p>\n<p>Nos employ\u00e9s poss\u00e8dent l\u2019exp\u00e9rience horticole n\u00e9cessaire pour vous aider dans vos besoins de jardinage. \u00c0 partir de simples instructions de plantation jusqu\u2019au support technique requis pour cr\u00e9er le jardin de vos r\u00eaves, nous pouvons vous aider. Apportez vos photographies et les mesures de votre jardin, et ensemble, nous pouvons concevoir votre jardin.<\/p>\n<\/div>\n<p><!--more--><br \/>\n<!-- {\"type\":\"layout\",\"children\":[{\"name\":\"Section (generic)\",\"type\":\"section\",\"props\":{\"image_position\":\"center-center\",\"padding_remove_bottom\":false,\"style\":\"default\",\"title_breakpoint\":\"xl\",\"title_position\":\"top-left\",\"title_rotation\":\"left\",\"vertical_align\":\"middle\",\"width\":\"default\"},\"children\":[{\"type\":\"row\",\"children\":[{\"type\":\"column\",\"props\":{\"image_position\":\"center-center\",\"position_sticky_breakpoint\":\"m\",\"width_medium\":\"1-1\"},\"children\":[{\"type\":\"headline\",\"props\":{\"content\":\"Notre p\\u00e9pini\\u00e8re\",\"margin_remove_bottom\":true,\"title_element\":\"h1\",\"title_style\":\"heading-medium\"}},{\"type\":\"headline\",\"props\":{\"content\":\"Votre p\\u00e9pini\\u00e8re de choix pour des plantes, fleurs, arbres et arbustes\",\"margin\":\"small\",\"margin_remove_top\":false,\"title_element\":\"h3\",\"title_style\":\"h3\"}}]}]},{\"type\":\"row\",\"props\":{\"layout\":\"large,expand\"},\"children\":[{\"type\":\"column\",\"props\":{\"image_position\":\"center-center\",\"position_sticky_breakpoint\":\"m\",\"width_medium\":\"auto\"},\"children\":[{\"type\":\"image\",\"props\":{\"image\":\"wp-content\\\/uploads\\\/2024\\\/02\\\/pepiniere-ouest-e27eb8ac.jpeg\",\"image_alt\":\"Notre p\\u00e9pini\\u00e8re\",\"image_border\":\"rounded\",\"image_box_decoration_inverse\":false,\"image_svg_color\":\"emphasis\",\"margin\":\"default\"}}]},{\"type\":\"column\",\"props\":{\"image_position\":\"center-center\",\"position_sticky_breakpoint\":\"m\",\"width_medium\":\"expand\"},\"children\":[{\"type\":\"text\",\"props\":{\"column_breakpoint\":\"m\",\"content\":\"\n\n<p>Notre centre de jardinage est rempli \\u00e0 capacit\\u00e9 d\\u2019un grand assortiment d\\u2019arbustes, d\\u2019arbres et de plantes vertes. Notre plantation d\\u2019arbrisseaux est \\u00e9tal\\u00e9e \\u00e0 travers notre jardin, donnant de bonnes id\\u00e9es \\u00e0 nos clients pour d\\u00e9corer leurs r\\u00e9sidences. Nous avons une excellente vari\\u00e9t\\u00e9 de grands et petits arbres. Nous avons aussi des vivaces de toutes les tailles et une excellente s\\u00e9lection d\\u2019annuelles, de paniers suspendus et des bo\\u00eetes \\u00e0 fleurs pr\\u00eates \\u00e0 \\u00eatre install\\u00e9s.<\\\/p>\\n\\n\n\n<p>Nous avons en magasin des plantes rares et des sp\\u00e9cimens introuvables ailleurs ainsi que des bancs et tables en b\\u00e9ton, des statues et pots pour les enthousiastes d\\u2019horticulture qui recherchent des id\\u00e9es originales.<\\\/p>\\n\\n\n\n<p>Nous avons une gamme compl\\u00e8te d\\u2019approvisionnements et de produits de jardinage, des engrais aux composts et paillis aux fabricants de renom, terreaux, roches d\\u00e9coratives, gravier (tous disponible en vrac) et de la tourbe fraiche qui peut \\u00eatre livr\\u00e9e n\\u2019importe o\\u00f9 dans l\\u2019ouest de l\\u2019\\u00eele pour des frais minimes.<\\\/p>\\n\\n\n\n<p>Nos employ\\u00e9s poss\\u00e8dent l\\u2019exp\\u00e9rience horticole n\\u00e9cessaire pour vous aider dans vos besoins de jardinage. \\u00c0 partir de simples instructions de plantation jusqu\\u2019au support technique requis pour cr\\u00e9er le jardin de vos r\\u00eaves, nous pouvons vous aider. Apportez vos photographies et les mesures de votre jardin, et ensemble, nous pouvons concevoir votre jardin.<\\\/p>\",\"margin\":\"default\",\"text_align\":\"justify\"}}]}]}]}],\"version\":\"4.3.4\"} --><\/p>\n","protected":false},"excerpt":{"rendered":"<p>Notre p\u00e9pini\u00e8re Votre p\u00e9pini\u00e8re de choix pour des plantes, fleurs, arbres et arbustes Notre centre de jardinage est rempli \u00e0 capacit\u00e9 d\u2019un grand assortiment d\u2019arbustes, d\u2019arbres et de plantes vertes. Notre plantation d\u2019arbrisseaux est \u00e9tal\u00e9e \u00e0 travers notre jardin, donnant de bonnes id\u00e9es \u00e0 nos clients pour d\u00e9corer leurs r\u00e9sidences. Nous avons une excellente vari\u00e9t\u00e9 [&hellip;]<\/p>\n","protected":false},"author":1,"featured_media":0,"parent":0,"menu_order":0,"comment_status":"closed","ping_status":"closed","template":"","meta":{"footnotes":""},"class_list":["post-11","page","type-page","status-publish","hentry"],"_links":{"self":[{"href":"https:\/\/westislandnursery.com\/fr\/wp-json\/wp\/v2\/pages\/11","targetHints":{"allow":["GET"]}}],"collection":[{"href":"https:\/\/westislandnursery.com\/fr\/wp-json\/wp\/v2\/pages"}],"about":[{"href":"https:\/\/westislandnursery.com\/fr\/wp-json\/wp\/v2\/types\/page"}],"author":[{"embeddable":true,"href":"https:\/\/westislandnursery.com\/fr\/wp-json\/wp\/v2\/users\/1"}],"replies":[{"embeddable":true,"href":"https:\/\/westislandnursery.com\/fr\/wp-json\/wp\/v2\/comments?post=11"}],"version-history":[{"count":0,"href":"https:\/\/westislandnursery.com\/fr\/wp-json\/wp\/v2\/pages\/11\/revisions"}],"wp:attachment":[{"href":"https:\/\/westislandnursery.com\/fr\/wp-json\/wp\/v2\/media?parent=11"}],"curies":[{"name":"wp","href":"https:\/\/api.w.org\/{rel}","templated":true}]}}